{"id":406,"date":"2018-10-18T12:05:19","date_gmt":"2018-10-18T12:05:19","guid":{"rendered":"https:\/\/yag.sul.vs.cloudcenter.fi\/?page_id=406"},"modified":"2026-01-08T14:14:59","modified_gmt":"2026-01-08T14:14:59","slug":"contact-info","status":"publish","type":"page","link":"https:\/\/youthathleticsgames.fi\/en\/contact-info\/","title":{"rendered":"CONTACT INFO"},"content":{"rendered":"\n\t<section class=\"section\" id=\"section_1578168176\">\n\t\t<div class=\"section-bg fill\" >\n\t\t\t\t\t\t\t\t\t\n\t\t\t\n\n\t\t<\/div>\n\n\t\t\n\n\t\t<div class=\"section-content relative\">\n\t\t\t\n<div class=\"row\"  id=\"row-434178577\">\n\n\t<div id=\"col-36944631\" class=\"col small-12 large-12\"  >\n\t\t\t\t<div class=\"col-inner\"  >\n\t\t\t\n\t\t\t\n<h1>CONTACT INFO<\/h1>\n<div class=\"is-divider divider clearfix\" style=\"max-width:100%;height:1px;background-color:rgb(238, 238, 238);\"><\/div>\n\t\t<\/div>\n\t\t\t\t\t<\/div>\n\n\t\n<\/div>\n<div class=\"row\"  id=\"row-942770091\">\n\n\t<div id=\"col-620520617\" class=\"col medium-7 small-12 large-7\"  >\n\t\t\t\t<div class=\"col-inner\"  >\n\t\t\t\n\t\t\t\n<p><i class=\"fa fa-envelope\" aria-hidden=\"true\"><\/i> \u00a0yag(at)sul.fi<\/p>\n<p><i class=\"fas fa-phone\"><\/i> \u00a0+358 400 890 760 (will open on competition week 2026)<\/p>\n<p><strong>Venue:<\/strong> Lepp\u00e4vaara stadion, Ver\u00e4j\u00e4pellonkatu 17, 02650 Espoo<\/p>\n<p><strong>Letter- and parcel mail:<\/strong><strong><br \/>\n<\/strong><\/p>\n<p>Suomen Urheiluliitto ry \/ YAG2026<br \/>\nValimotie 10<br \/>\n00380 Helsinki<\/p>\n\t\t<\/div>\n\t\t\t\t\t<\/div>\n\n\t\n\n\t<div id=\"col-591080151\" class=\"col medium-5 small-12 large-5\"  >\n\t\t\t\t<div class=\"col-inner\"  >\n\t\t\t\n\t\t\t\n<div class='fluentform ff-default fluentform_wrapper_4 ffs_default_wrap'><form data-form_id=\"4\" id=\"fluentform_4\" class=\"frm-fluent-form fluent_form_4 ff-el-form-top ff_form_instance_4_1 ff-form-loading ff_has_v3_recptcha ffs_default\" data-form_instance=\"ff_form_instance_4_1\" method=\"POST\" data-recptcha_key=\"6LcjfS8sAAAAAHsCpFrPfHL8KAGLEcxyGuQdSjZQ\" ><fieldset  style=\"border: none!important;margin: 0!important;padding: 0!important;background-color: transparent!important;box-shadow: none!important;outline: none!important; min-inline-size: 100%;\">\n                    <legend class=\"ff_screen_reader_title\" style=\"display: block; margin: 0!important;padding: 0!important;height: 0!important;text-indent: -999999px;width: 0!important;overflow:hidden;\">Yhteydenotto EN<\/legend><input type='hidden' name='__fluent_form_embded_post_id' value='406' \/><input type=\"hidden\" id=\"_fluentform_4_fluentformnonce\" name=\"_fluentform_4_fluentformnonce\" value=\"869d54a791\" \/><input type=\"hidden\" name=\"_wp_http_referer\" value=\"\/en\/wp-json\/wp\/v2\/pages\/406\" \/><div class='ff-el-group  ff-custom_html' tabindex='-1' data-name=\"custom_html-4_1\" ><p class=\"p1\"><span class=\"s1\">Fields marked with an asterisk * are required.<\/span><\/p><\/div><div class='ff-el-group'><div class=\"ff-el-input--label ff-el-is-required asterisk-right\"><label for='ff_4_name_1542634878225' id='label_ff_4_name_1542634878225' >Name<\/label><\/div><div class='ff-el-input--content'><input type=\"text\" name=\"name_1542634878225\" class=\"ff-el-form-control\" id=\"ff_4_name_1542634878225\" data-name=\"name_1542634878225\"  aria-invalid=\"false\" aria-required=true><\/div><\/div><div class='ff-el-group'><div class=\"ff-el-input--label ff-el-is-required asterisk-right\"><label for='ff_4_e-mail_1542634886137' id='label_ff_4_e-mail_1542634886137' aria-label=\"E-Mail\">E-Mail<\/label><\/div><div class='ff-el-input--content'><input type=\"email\" name=\"e-mail_1542634886137\" class=\"ff-el-form-control\" id=\"ff_4_e-mail_1542634886137\" data-name=\"e-mail_1542634886137\"  aria-invalid=\"false\" aria-required=true><\/div><\/div><div class='ff-el-group'><div class=\"ff-el-input--label ff-el-is-required asterisk-right\"><label for='ff_4_your_message_1542634894008' id='label_ff_4_your_message_1542634894008' aria-label=\"Your Message\">Your Message<\/label><\/div><div class='ff-el-input--content'><textarea aria-required=\"true\" aria-labelledby=\"label_ff_4_your_message_1542634894008\" name=\"your_message_1542634894008\" class=\"ff-el-form-control\" id=\"ff_4_your_message_1542634894008\" cols=\"2\" data-name=\"your_message_1542634894008\" ><\/textarea><\/div><\/div><div class='ff-el-group ff-text-left ff_submit_btn_wrapper'><button type=\"submit\" class=\"ff-btn ff-btn-submit ff-btn-md button primary ff_btn_style\"  aria-label=\"Submit\">Submit<\/button><\/div><\/fieldset><\/form><div id='fluentform_4_errors' class='ff-errors-in-stack ff_form_instance_4_1 ff-form-loading_errors ff_form_instance_4_1_errors'><\/div><\/div>            <script type=\"text\/javascript\">\n                window.fluent_form_ff_form_instance_4_1 = {\"id\":\"4\",\"settings\":{\"layout\":{\"labelPlacement\":\"top\",\"helpMessagePlacement\":\"with_label\",\"errorMessagePlacement\":\"inline\",\"cssClassName\":\"\",\"asteriskPlacement\":\"asterisk-right\"},\"restrictions\":{\"denyEmptySubmission\":{\"enabled\":false}}},\"form_instance\":\"ff_form_instance_4_1\",\"form_id_selector\":\"fluentform_4\",\"rules\":{\"name_1542634878225\":{\"required\":{\"value\":true,\"message\":\"This field is required\",\"global\":false,\"global_message\":\"This field is required\"}},\"e-mail_1542634886137\":{\"required\":{\"value\":true,\"message\":\"This field is required\",\"global\":false,\"global_message\":\"This field is required\"},\"email\":{\"value\":1,\"message\":\"This field must contain a valid email\",\"global\":false,\"global_message\":\"This field must contain a valid email\"}},\"your_message_1542634894008\":{\"required\":{\"value\":true,\"message\":\"This field is required\",\"global\":false,\"global_message\":\"This field is required\"}}},\"debounce_time\":300};\n                            <\/script>\n            \n\t\t<\/div>\n\t\t\t\t\t<\/div>\n\n\t\n<\/div>\n\t\t<\/div>\n\n\t\t\n<style>\n#section_1578168176 {\n  padding-top: 30px;\n  padding-bottom: 30px;\n}\n<\/style>\n\t<\/section>\n\t\n","protected":false},"excerpt":{"rendered":"","protected":false},"author":1,"featured_media":0,"parent":0,"menu_order":0,"comment_status":"closed","ping_status":"closed","template":"page-blank.php","meta":{"footnotes":""},"class_list":["post-406","page","type-page","status-publish","hentry"],"yoast_head":"<!-- This site is optimized with the Yoast SEO plugin v27.3 - https:\/\/yoast.com\/product\/yoast-seo-wordpress\/ -->\n<title>CONTACT INFO - Youth Athletics Games<\/title>\n<meta name=\"robots\" content=\"index, follow, max-snippet:-1, max-image-preview:large, max-video-preview:-1\" \/>\n<link rel=\"canonical\" href=\"https:\/\/youthathleticsgames.fi\/en\/contact-info\/\" \/>\n<meta property=\"og:locale\" content=\"en_US\" \/>\n<meta property=\"og:type\" content=\"article\" \/>\n<meta property=\"og:title\" content=\"CONTACT INFO - Youth Athletics Games\" \/>\n<meta property=\"og:url\" content=\"https:\/\/youthathleticsgames.fi\/en\/contact-info\/\" \/>\n<meta property=\"og:site_name\" content=\"Youth Athletics Games\" \/>\n<meta property=\"article:modified_time\" content=\"2026-01-08T14:14:59+00:00\" \/>\n<meta name=\"twitter:card\" content=\"summary_large_image\" \/>\n<meta name=\"twitter:label1\" content=\"Est. reading time\" \/>\n\t<meta name=\"twitter:data1\" content=\"1 minute\" \/>\n<script type=\"application\/ld+json\" class=\"yoast-schema-graph\">{\"@context\":\"https:\\\/\\\/schema.org\",\"@graph\":[{\"@type\":\"WebPage\",\"@id\":\"https:\\\/\\\/youthathleticsgames.fi\\\/en\\\/contact-info\\\/\",\"url\":\"https:\\\/\\\/youthathleticsgames.fi\\\/en\\\/contact-info\\\/\",\"name\":\"CONTACT INFO - Youth Athletics Games\",\"isPartOf\":{\"@id\":\"https:\\\/\\\/youthathleticsgames.fi\\\/en\\\/#website\"},\"datePublished\":\"2018-10-18T12:05:19+00:00\",\"dateModified\":\"2026-01-08T14:14:59+00:00\",\"breadcrumb\":{\"@id\":\"https:\\\/\\\/youthathleticsgames.fi\\\/en\\\/contact-info\\\/#breadcrumb\"},\"inLanguage\":\"en-US\",\"potentialAction\":[{\"@type\":\"ReadAction\",\"target\":[\"https:\\\/\\\/youthathleticsgames.fi\\\/en\\\/contact-info\\\/\"]}]},{\"@type\":\"BreadcrumbList\",\"@id\":\"https:\\\/\\\/youthathleticsgames.fi\\\/en\\\/contact-info\\\/#breadcrumb\",\"itemListElement\":[{\"@type\":\"ListItem\",\"position\":1,\"name\":\"Home\",\"item\":\"https:\\\/\\\/youthathleticsgames.fi\\\/en\\\/\"},{\"@type\":\"ListItem\",\"position\":2,\"name\":\"CONTACT INFO\"}]},{\"@type\":\"WebSite\",\"@id\":\"https:\\\/\\\/youthathleticsgames.fi\\\/en\\\/#website\",\"url\":\"https:\\\/\\\/youthathleticsgames.fi\\\/en\\\/\",\"name\":\"Youth Athletics Games\",\"description\":\"YAG-kisojen sivusto\",\"publisher\":{\"@id\":\"https:\\\/\\\/youthathleticsgames.fi\\\/en\\\/#organization\"},\"potentialAction\":[{\"@type\":\"SearchAction\",\"target\":{\"@type\":\"EntryPoint\",\"urlTemplate\":\"https:\\\/\\\/youthathleticsgames.fi\\\/en\\\/?s={search_term_string}\"},\"query-input\":{\"@type\":\"PropertyValueSpecification\",\"valueRequired\":true,\"valueName\":\"search_term_string\"}}],\"inLanguage\":\"en-US\"},{\"@type\":\"Organization\",\"@id\":\"https:\\\/\\\/youthathleticsgames.fi\\\/en\\\/#organization\",\"name\":\"Suomen Urheiluliitto\",\"url\":\"https:\\\/\\\/youthathleticsgames.fi\\\/en\\\/\",\"logo\":{\"@type\":\"ImageObject\",\"inLanguage\":\"en-US\",\"@id\":\"https:\\\/\\\/youthathleticsgames.fi\\\/en\\\/#\\\/schema\\\/logo\\\/image\\\/\",\"url\":\"https:\\\/\\\/youthathleticsgames.fi\\\/wp-content\\\/uploads\\\/2018\\\/09\\\/sul_perus_rgb.png\",\"contentUrl\":\"https:\\\/\\\/youthathleticsgames.fi\\\/wp-content\\\/uploads\\\/2018\\\/09\\\/sul_perus_rgb.png\",\"width\":165,\"height\":120,\"caption\":\"Suomen Urheiluliitto\"},\"image\":{\"@id\":\"https:\\\/\\\/youthathleticsgames.fi\\\/en\\\/#\\\/schema\\\/logo\\\/image\\\/\"}}]}<\/script>\n<!-- \/ Yoast SEO plugin. -->","yoast_head_json":{"title":"CONTACT INFO - Youth Athletics Games","robots":{"index":"index","follow":"follow","max-snippet":"max-snippet:-1","max-image-preview":"max-image-preview:large","max-video-preview":"max-video-preview:-1"},"canonical":"https:\/\/youthathleticsgames.fi\/en\/contact-info\/","og_locale":"en_US","og_type":"article","og_title":"CONTACT INFO - Youth Athletics Games","og_url":"https:\/\/youthathleticsgames.fi\/en\/contact-info\/","og_site_name":"Youth Athletics Games","article_modified_time":"2026-01-08T14:14:59+00:00","twitter_card":"summary_large_image","twitter_misc":{"Est. reading time":"1 minute"},"schema":{"@context":"https:\/\/schema.org","@graph":[{"@type":"WebPage","@id":"https:\/\/youthathleticsgames.fi\/en\/contact-info\/","url":"https:\/\/youthathleticsgames.fi\/en\/contact-info\/","name":"CONTACT INFO - Youth Athletics Games","isPartOf":{"@id":"https:\/\/youthathleticsgames.fi\/en\/#website"},"datePublished":"2018-10-18T12:05:19+00:00","dateModified":"2026-01-08T14:14:59+00:00","breadcrumb":{"@id":"https:\/\/youthathleticsgames.fi\/en\/contact-info\/#breadcrumb"},"inLanguage":"en-US","potentialAction":[{"@type":"ReadAction","target":["https:\/\/youthathleticsgames.fi\/en\/contact-info\/"]}]},{"@type":"BreadcrumbList","@id":"https:\/\/youthathleticsgames.fi\/en\/contact-info\/#breadcrumb","itemListElement":[{"@type":"ListItem","position":1,"name":"Home","item":"https:\/\/youthathleticsgames.fi\/en\/"},{"@type":"ListItem","position":2,"name":"CONTACT INFO"}]},{"@type":"WebSite","@id":"https:\/\/youthathleticsgames.fi\/en\/#website","url":"https:\/\/youthathleticsgames.fi\/en\/","name":"Youth Athletics Games","description":"YAG-kisojen sivusto","publisher":{"@id":"https:\/\/youthathleticsgames.fi\/en\/#organization"},"potentialAction":[{"@type":"SearchAction","target":{"@type":"EntryPoint","urlTemplate":"https:\/\/youthathleticsgames.fi\/en\/?s={search_term_string}"},"query-input":{"@type":"PropertyValueSpecification","valueRequired":true,"valueName":"search_term_string"}}],"inLanguage":"en-US"},{"@type":"Organization","@id":"https:\/\/youthathleticsgames.fi\/en\/#organization","name":"Suomen Urheiluliitto","url":"https:\/\/youthathleticsgames.fi\/en\/","logo":{"@type":"ImageObject","inLanguage":"en-US","@id":"https:\/\/youthathleticsgames.fi\/en\/#\/schema\/logo\/image\/","url":"https:\/\/youthathleticsgames.fi\/wp-content\/uploads\/2018\/09\/sul_perus_rgb.png","contentUrl":"https:\/\/youthathleticsgames.fi\/wp-content\/uploads\/2018\/09\/sul_perus_rgb.png","width":165,"height":120,"caption":"Suomen Urheiluliitto"},"image":{"@id":"https:\/\/youthathleticsgames.fi\/en\/#\/schema\/logo\/image\/"}}]}},"_links":{"self":[{"href":"https:\/\/youthathleticsgames.fi\/en\/wp-json\/wp\/v2\/pages\/406","targetHints":{"allow":["GET"]}}],"collection":[{"href":"https:\/\/youthathleticsgames.fi\/en\/wp-json\/wp\/v2\/pages"}],"about":[{"href":"https:\/\/youthathleticsgames.fi\/en\/wp-json\/wp\/v2\/types\/page"}],"author":[{"embeddable":true,"href":"https:\/\/youthathleticsgames.fi\/en\/wp-json\/wp\/v2\/users\/1"}],"replies":[{"embeddable":true,"href":"https:\/\/youthathleticsgames.fi\/en\/wp-json\/wp\/v2\/comments?post=406"}],"version-history":[{"count":0,"href":"https:\/\/youthathleticsgames.fi\/en\/wp-json\/wp\/v2\/pages\/406\/revisions"}],"wp:attachment":[{"href":"https:\/\/youthathleticsgames.fi\/en\/wp-json\/wp\/v2\/media?parent=406"}],"curies":[{"name":"wp","href":"https:\/\/api.w.org\/{rel}","templated":true}]}}